{"id":146,"date":"2024-06-10T10:30:42","date_gmt":"2024-06-10T10:30:42","guid":{"rendered":"https:\/\/trendplus.se\/?page_id=146"},"modified":"2026-03-19T04:43:36","modified_gmt":"2026-03-19T04:43:36","slug":"about-us","status":"publish","type":"page","link":"https:\/\/trendplus.se\/sv\/about-us\/","title":{"rendered":"About TrendPlus Company"},"content":{"rendered":"<div data-elementor-type=\"wp-page\" data-elementor-id=\"146\" class=\"elementor elementor-146\" data-elementor-post-type=\"page\">\n\t\t\t\t<div class=\"elementor-element elementor-element-1e2ad4a e-con-full e-flex magic-button-disabled-no e-con e-parent\" data-id=\"1e2ad4a\" data-element_type=\"container\" data-e-type=\"container\" data-no-translation=\"\">\n\t\t\t\t<div class=\"elementor-element elementor-element-2141b7a elementor-widget__width-inherit elementor-widget elementor-widget-html\" data-id=\"2141b7a\" data-element_type=\"widget\" data-e-type=\"widget\" data-widget_type=\"html.default\">\n\t\t\t\t<div class=\"elementor-widget-container\">\n\t\t\t\t\t<!-- About Us + Vision & Mission + CTA Section | Full Width + SEO Optimized + Responsive -->\r\n<link href=\"https:\/\/fonts.googleapis.com\/css2?family=Inter:wght@400;600;700&display=swap\" rel=\"stylesheet\" \/>\r\n<style>\r\n.full-width-section {\r\n  width: 100vw;\r\n  max-width: 100%;\r\n  margin-left: calc(-50vw + 50%);\r\n  display: flex;\r\n  flex-direction: row;\r\n  flex-wrap: nowrap;\r\n  align-items: flex-start;\r\n  justify-content: space-between;\r\n  gap: 60px;\r\n  font-family: 'Inter', sans-serif;\r\n  padding: 80px 40px;\r\n  box-sizing: border-box;\r\n  color: #1a1a1a;\r\n}\r\n.full-width-section:nth-of-type(2n) {\r\n  background-color: #ffffff;\r\n}\r\n.full-width-section .image,\r\n.full-width-section .content {\r\n  flex: 1 1 48%;\r\n}\r\n.full-width-section .image {\r\n  display: flex;\r\n  justify-content: center;\r\n  align-items: center;\r\n}\r\n.full-width-section .image img {\r\n  max-width: 380px;\r\n  width: 100%;\r\n  height: auto;\r\n  border-radius: 16px;\r\n  box-shadow: 0 6px 20px rgba(0, 0, 0, 0.08);\r\n  transition: transform 0.4s ease;\r\n  margin: 0 auto;\r\n}\r\n.full-width-section .image img:hover {\r\n  transform: scale(1.03);\r\n}\r\n.full-width-section .content {\r\n  padding: 0 10px;\r\n  margin-left: -10px;\r\n}\r\n.full-width-section h2 {\r\n  font-size: 38px;\r\n  font-weight: 700;\r\n  margin-bottom: 25px;\r\n  color: #003366;\r\n}\r\n.full-width-section h3 {\r\n  font-size: 24px;\r\n  font-weight: 700;\r\n  margin-bottom: 10px;\r\n  color: #003366;\r\n}\r\n.full-width-section p {\r\n  font-size: 17px;\r\n  line-height: 1.8;\r\n  margin-bottom: 18px;\r\n  color: #333;\r\n}\r\n.full-width-section ul {\r\n  margin-top: 15px;\r\n  list-style: none;\r\n  padding-left: 0;\r\n}\r\n.full-width-section li {\r\n  position: relative;\r\n  padding-left: 28px;\r\n  margin-bottom: 14px;\r\n  font-size: 16px;\r\n  color: #222;\r\n}\r\n.full-width-section li::before {\r\n  content: \"\\2714\";\r\n  position: absolute;\r\n  left: 0;\r\n  top: 1px;\r\n  color: #00796b;\r\n  font-size: 18px;\r\n}\r\n.full-width-section li strong {\r\n  color: #d32f2f;\r\n}\r\n.cta-section {\r\n  width: 100vw;\r\n  max-width: 100%;\r\n  margin-left: calc(-50vw + 50%);\r\n  background-color: #003366;\r\n  color: #ffffff;\r\n  text-align: center;\r\n  padding: 80px 40px;\r\n  font-family: 'Inter', sans-serif;\r\n}\r\n.cta-section h2 {\r\n  font-size: 32px;\r\n  margin-bottom: 20px;\r\n}\r\n.cta-section p {\r\n  font-size: 18px;\r\n  margin-bottom: 30px;\r\n}\r\n.cta-button {\r\n  background-color: #00b894;\r\n  color: #fff;\r\n  font-weight: 600;\r\n  padding: 14px 32px;\r\n  border-radius: 8px;\r\n  text-decoration: none;\r\n  transition: background 0.3s ease;\r\n}\r\n.cta-button:hover {\r\n  background-color: #009e7d;\r\n}\r\n@media (max-width: 768px) {\r\n  .full-width-section {\r\n    flex-direction: column;\r\n    margin-left: 0;\r\n    width: 100%;\r\n    padding: 60px 20px;\r\n  }\r\n  .full-width-section .image img {\r\n    max-width: 90%;\r\n  }\r\n  .cta-section {\r\n    margin-left: 0;\r\n    padding: 60px 20px;\r\n  }\r\n}\r\n<\/style>\r\n\r\n<!-- About Us Section -->\r\n<section class=\"full-width-section\" itemscope itemtype=\"https:\/\/schema.org\/Organization\">\r\n  <div class=\"image\">\r\n    <img decoding=\"async\" src=\"https:\/\/trendplus.se\/wp-content\/uploads\/2025\/05\/20250522_1219_Innovative-Tech-Team_simple_compose_01jvvvd5g0e8qbdz9082zm0bv8.webp\" alt=\"Om TrendPlus\" itemprop=\"image\" \/>\r\n  <\/div>\r\n  <div class=\"content\">\r\n    <h2 itemprop=\"name\">Om TrendPlus<\/h2>\r\n    <p itemprop=\"description\">TrendPlus Company Ltd \u00e4r ett svenskt teknikf\u00f6retag som b\u00f6rjade som ett IT-konsultbolag med specialisering inom AI\/ML-l\u00f6sningar f\u00f6r telekom, logistik och IT-drivna verksamheter. Med tiden har v\u00e5rt fokus skiftat mot att utveckla och erbjuda AI-baserade SaaS-tj\u00e4nster, med stark betoning p\u00e5 ruttoptimering och intelligent automatisering f\u00f6r logistik- och transportbranschen.<\/p>\r\n    <p>V\u00e5ra l\u00f6sningar hj\u00e4lper f\u00f6retag att \u00f6ka effektiviteten, minska kostnader och fatta datadrivna beslut med hj\u00e4lp av avancerad AI-teknik.<\/p>\r\n    <p>V\u00e5ra huvudtj\u00e4nster inkluderar:<\/p>\r\n    <ul>\r\n      <li><strong>TrendRoute<\/strong>: Ett kraftfullt AI-drivet API f\u00f6r ruttoptimering, utformat f\u00f6r logistik och sista-milen-leveranser, vilket s\u00e4kerst\u00e4ller kostnadseffektiv och optimerad transport.<\/li>\r\n      <li><strong>TrendBot<\/strong>: En AI-driven chatbot f\u00f6r automatiserad kundsupport, som m\u00f6jligg\u00f6r smidiga interaktioner, strukturerade arbetsfl\u00f6den och \u00e5tg\u00e4rdsbaserade funktioner f\u00f6r f\u00f6retag.<\/li>\r\n    <\/ul>\r\n  <\/div>\r\n<\/section>\r\n\r\n<!-- Vision & Mission Section -->\r\n<section class=\"full-width-section\" aria-labelledby=\"vision-mission\">\r\n  <div class=\"image\">\r\n    <img decoding=\"async\" src=\"https:\/\/trendplus.se\/wp-content\/uploads\/2025\/05\/20250522_1328_AI-Logistics-Vision_simple_compose_01jvvzbq1gexhsdq8srbbg7d5k.webp\" alt=\"Vision och mission illustration\" \/>\r\n  <\/div>\r\n  <div class=\"content\">\r\n    <h3 id=\"vision-mission\">Vision:<\/h3>\r\n    <p>\u201cAtt revolutionera logistik och transport genom innovativa AI-drivna l\u00f6sningar och ge f\u00f6retag m\u00f6jlighet att uppn\u00e5 effektivitet, h\u00e5llbarhet och enast\u00e5ende kundupplevelser.\u201d<\/p>\r\n    <h3>Mission:<\/h3>\r\n    <p>\u201cP\u00e5 TrendPlus \u00e4r v\u00e5r mission att leverera banbrytande AI- och optimeringsteknik som effektiviserar logistikprocesser, minskar kostnader och \u00f6kar f\u00f6ruts\u00e4gbarheten f\u00f6r v\u00e5ra kunder. Vi str\u00e4var efter att erbjuda robusta, skalbara och anv\u00e4ndarv\u00e4nliga l\u00f6sningar som driver operativ excellens och st\u00f6djer tillv\u00e4xt i en dynamisk logistikbransch.\u201d<\/p>\r\n  <\/div>\r\n<\/section>\r\n\r\n<!-- CTA Section -->\r\n<section class=\"cta-section\" aria-labelledby=\"cta\">\r\n  <h2 id=\"cta\">Redo att transformera din logistik?<\/h2>\r\n  <p>Uppt\u00e4ck hur TrendPlus kan optimera dina rutter, f\u00f6rb\u00e4ttra kundupplevelsen och minska dina operativa kostnader med v\u00e5ra AI-drivna l\u00f6sningar.<\/p>\r\n  <a href=\"#contact\" class=\"cta-button\">Kontakta oss<\/a>\r\n<\/section>\t\t\t\t<\/div>\n\t\t\t\t<\/div>\n\t\t\t\t<\/div>\n\t\t<div class=\"elementor-element elementor-element-042bd09 e-flex e-con-boxed magic-button-disabled-no e-con e-parent\" data-id=\"042bd09\" data-element_type=\"container\" data-e-type=\"container\">\n\t\t\t\t\t<div class=\"e-con-inner\">\n\t\t\t\t\t<\/div>\n\t\t\t\t<\/div>\n\t\t\t\t<\/div>","protected":false},"excerpt":{"rendered":"<p>About TrendPlus Company TrendPlus Company Ltd is a Swedish technology company that started as an IT consulting firm, specializing in AI\/ML solutions for Telecom, Logistics, and IT-driven businesses. Over time, our focus has shifted towards developing and offering SaaS-based AI services, with a strong emphasis on route optimization and intelligent automation for the logistics and [&hellip;]<\/p>\n","protected":false},"author":1,"featured_media":0,"parent":0,"menu_order":0,"comment_status":"closed","ping_status":"closed","template":"","meta":{"footnotes":""},"class_list":["post-146","page","type-page","status-publish","hentry"],"_links":{"self":[{"href":"https:\/\/trendplus.se\/sv\/wp-json\/wp\/v2\/pages\/146","targetHints":{"allow":["GET"]}}],"collection":[{"href":"https:\/\/trendplus.se\/sv\/wp-json\/wp\/v2\/pages"}],"about":[{"href":"https:\/\/trendplus.se\/sv\/wp-json\/wp\/v2\/types\/page"}],"author":[{"embeddable":true,"href":"https:\/\/trendplus.se\/sv\/wp-json\/wp\/v2\/users\/1"}],"replies":[{"embeddable":true,"href":"https:\/\/trendplus.se\/sv\/wp-json\/wp\/v2\/comments?post=146"}],"version-history":[{"count":55,"href":"https:\/\/trendplus.se\/sv\/wp-json\/wp\/v2\/pages\/146\/revisions"}],"predecessor-version":[{"id":1933,"href":"https:\/\/trendplus.se\/sv\/wp-json\/wp\/v2\/pages\/146\/revisions\/1933"}],"wp:attachment":[{"href":"https:\/\/trendplus.se\/sv\/wp-json\/wp\/v2\/media?parent=146"}],"curies":[{"name":"wp","href":"https:\/\/api.w.org\/{rel}","templated":true}]}}