{"id":1979,"date":"2026-05-04T14:02:26","date_gmt":"2026-05-04T14:02:26","guid":{"rendered":"https:\/\/trendplus.se\/?page_id=1979"},"modified":"2026-05-06T11:48:47","modified_gmt":"2026-05-06T11:48:47","slug":"stand-alone-driver-app","status":"publish","type":"page","link":"https:\/\/trendplus.se\/sv\/stand-alone-driver-app\/","title":{"rendered":"Stand-Alone Driver App"},"content":{"rendered":"<div data-elementor-type=\"wp-page\" data-elementor-id=\"1979\" class=\"elementor elementor-1979\" data-elementor-post-type=\"page\">\n\t\t\t\t<div class=\"elementor-element elementor-element-94ab1f7 e-flex e-con-boxed magic-button-disabled-no e-con e-parent\" data-id=\"94ab1f7\" data-element_type=\"container\" data-e-type=\"container\">\n\t\t\t\t\t<div class=\"e-con-inner\">\n\t\t\t\t<div class=\"elementor-element elementor-element-8b8c0bd elementor-widget elementor-widget-html\" data-id=\"8b8c0bd\" data-element_type=\"widget\" data-e-type=\"widget\" data-widget_type=\"html.default\">\n\t\t\t\t<div class=\"elementor-widget-container\">\n\t\t\t\t\t<style>\r\n  .tp-driver-page {\r\n    font-family: Inter, Arial, sans-serif;\r\n    color: #102033;\r\n    background: #ffffff;\r\n  }\r\n\r\n  .tp-section {\r\n    padding: 90px 20px;\r\n  }\r\n\r\n  .tp-container {\r\n    max-width: 1180px;\r\n    margin: 0 auto;\r\n  }\r\n\r\n  .tp-eyebrow {\r\n    display: inline-flex;\r\n    align-items: center;\r\n    gap: 8px;\r\n    padding: 8px 14px;\r\n    border-radius: 999px;\r\n    background: #eaf3ff;\r\n    color: #0757b8;\r\n    font-size: 14px;\r\n    font-weight: 700;\r\n    margin-bottom: 18px;\r\n  }\r\n\r\n  .tp-title {\r\n    font-size: clamp(38px, 5vw, 68px);\r\n    line-height: 1.05;\r\n    letter-spacing: -0.04em;\r\n    margin: 0 0 22px;\r\n    color: #061529;\r\n  }\r\n\r\n  .tp-subtitle {\r\n    font-size: 19px;\r\n    line-height: 1.75;\r\n    color: #526173;\r\n    max-width: 680px;\r\n    margin: 0 0 34px;\r\n  }\r\n\r\n  .tp-btn-row {\r\n    display: flex;\r\n    gap: 14px;\r\n    flex-wrap: wrap;\r\n  }\r\n\r\n  .tp-btn {\r\n    display: inline-flex;\r\n    align-items: center;\r\n    justify-content: center;\r\n    min-height: 54px;\r\n    padding: 0 26px;\r\n    border-radius: 14px;\r\n    font-weight: 800;\r\n    text-decoration: none;\r\n    transition: all 0.25s ease;\r\n  }\r\n\r\n  .tp-btn-primary {\r\n    background: #0757b8;\r\n    color: #ffffff;\r\n    box-shadow: 0 14px 35px rgba(7, 87, 184, 0.28);\r\n  }\r\n\r\n  .tp-btn-primary:hover {\r\n    transform: translateY(-2px);\r\n    background: #044da5;\r\n    color: #ffffff;\r\n  }\r\n\r\n  .tp-btn-secondary {\r\n    background: #f0f5fb;\r\n    color: #0757b8;\r\n  }\r\n\r\n  .tp-btn-secondary:hover {\r\n    background: #e3eefb;\r\n    color: #0757b8;\r\n  }\r\n\r\n  .tp-hero {\r\n    position: relative;\r\n    overflow: hidden;\r\n    background:\r\n      radial-gradient(circle at top right, rgba(7, 87, 184, 0.16), transparent 34%),\r\n      linear-gradient(135deg, #f7fbff 0%, #ffffff 55%, #eef6ff 100%);\r\n  }\r\n\r\n  .tp-hero-grid {\r\n    display: grid;\r\n    grid-template-columns: 1.02fr 0.98fr;\r\n    gap: 56px;\r\n    align-items: center;\r\n  }\r\n\r\n  .tp-phone-stack {\r\n    position: relative;\r\n    min-height: 620px;\r\n  }\r\n\r\n  .tp-phone {\r\n    position: absolute;\r\n    width: 245px;\r\n    border-radius: 34px;\r\n    box-shadow: 0 30px 70px rgba(7, 24, 47, 0.22);\r\n    border: 8px solid #ffffff;\r\n    background: #ffffff;\r\n  }\r\n\r\n  .tp-phone img {\r\n    width: 100%;\r\n    display: block;\r\n    border-radius: 26px;\r\n  }\r\n\r\n  .tp-phone.one {\r\n    right: 190px;\r\n    top: 20px;\r\n    transform: rotate(-7deg);\r\n    z-index: 2;\r\n  }\r\n\r\n  .tp-phone.two {\r\n    right: 0;\r\n    top: 95px;\r\n    transform: rotate(6deg);\r\n    z-index: 3;\r\n  }\r\n\r\n  .tp-phone.three {\r\n    right: 120px;\r\n    top: 310px;\r\n    transform: rotate(2deg);\r\n    z-index: 1;\r\n    opacity: 0.96;\r\n  }\r\n\r\n  .tp-stats {\r\n    display: grid;\r\n    grid-template-columns: repeat(3, 1fr);\r\n    gap: 18px;\r\n    margin-top: 42px;\r\n  }\r\n\r\n  .tp-stat {\r\n    background: #ffffff;\r\n    border: 1px solid #e6edf5;\r\n    border-radius: 22px;\r\n    padding: 22px;\r\n    box-shadow: 0 16px 45px rgba(7, 24, 47, 0.06);\r\n  }\r\n\r\n  .tp-stat strong {\r\n    display: block;\r\n    font-size: 28px;\r\n    color: #0757b8;\r\n    margin-bottom: 6px;\r\n  }\r\n\r\n  .tp-stat span {\r\n    font-size: 14px;\r\n    color: #647386;\r\n    line-height: 1.45;\r\n  }\r\n\r\n  .tp-section-header {\r\n    text-align: center;\r\n    max-width: 760px;\r\n    margin: 0 auto 54px;\r\n  }\r\n\r\n  .tp-section-title {\r\n    font-size: clamp(32px, 4vw, 52px);\r\n    line-height: 1.12;\r\n    letter-spacing: -0.035em;\r\n    margin: 0 0 16px;\r\n    color: #061529;\r\n  }\r\n\r\n  .tp-section-text {\r\n    color: #5c6979;\r\n    font-size: 18px;\r\n    line-height: 1.7;\r\n    margin: 0;\r\n  }\r\n\r\n  .tp-feature-grid {\r\n    display: grid;\r\n    grid-template-columns: repeat(3, 1fr);\r\n    gap: 22px;\r\n  }\r\n\r\n  .tp-feature-card {\r\n    background: #ffffff;\r\n    border: 1px solid #e5ecf4;\r\n    border-radius: 26px;\r\n    padding: 30px;\r\n    box-shadow: 0 18px 45px rgba(7, 24, 47, 0.055);\r\n  }\r\n\r\n  .tp-icon {\r\n    width: 54px;\r\n    height: 54px;\r\n    border-radius: 16px;\r\n    background: #0757b8;\r\n    color: #ffffff;\r\n    display: flex;\r\n    align-items: center;\r\n    justify-content: center;\r\n    font-size: 24px;\r\n    margin-bottom: 22px;\r\n  }\r\n\r\n  .tp-feature-card h3 {\r\n    font-size: 21px;\r\n    margin: 0 0 12px;\r\n    color: #102033;\r\n  }\r\n\r\n  .tp-feature-card p {\r\n    margin: 0;\r\n    color: #607084;\r\n    line-height: 1.65;\r\n    font-size: 15.5px;\r\n  }\r\n\r\n  .tp-screens {\r\n    background: #f3f7fb;\r\n  }\r\n\r\n  .tp-screen-grid {\r\n    display: grid;\r\n    grid-template-columns: repeat(4, 1fr);\r\n    gap: 22px;\r\n  }\r\n\r\n  .tp-screen-card {\r\n    background: #ffffff;\r\n    border-radius: 30px;\r\n    padding: 12px;\r\n    box-shadow: 0 20px 50px rgba(7, 24, 47, 0.11);\r\n  }\r\n\r\n  .tp-screen-card img {\r\n    width: 100%;\r\n    display: block;\r\n    border-radius: 22px;\r\n  }\r\n\r\n  .tp-screen-card h4 {\r\n    margin: 16px 8px 6px;\r\n    font-size: 17px;\r\n    color: #102033;\r\n  }\r\n\r\n  .tp-screen-card p {\r\n    margin: 0 8px 12px;\r\n    color: #667587;\r\n    font-size: 14px;\r\n    line-height: 1.5;\r\n  }\r\n\r\n  .tp-workflow {\r\n    display: grid;\r\n    grid-template-columns: 0.9fr 1.1fr;\r\n    gap: 54px;\r\n    align-items: center;\r\n  }\r\n\r\n  .tp-steps {\r\n    display: grid;\r\n    gap: 16px;\r\n  }\r\n\r\n  .tp-step {\r\n    display: grid;\r\n    grid-template-columns: 52px 1fr;\r\n    gap: 18px;\r\n    background: #ffffff;\r\n    border: 1px solid #e5ecf4;\r\n    border-radius: 22px;\r\n    padding: 22px;\r\n  }\r\n\r\n  .tp-step-number {\r\n    width: 52px;\r\n    height: 52px;\r\n    border-radius: 16px;\r\n    background: #eaf3ff;\r\n    color: #0757b8;\r\n    display: flex;\r\n    align-items: center;\r\n    justify-content: center;\r\n    font-weight: 900;\r\n  }\r\n\r\n  .tp-step h3 {\r\n    margin: 0 0 6px;\r\n    font-size: 19px;\r\n  }\r\n\r\n  .tp-step p {\r\n    margin: 0;\r\n    color: #607084;\r\n    line-height: 1.6;\r\n  }\r\n\r\n  .tp-blue-panel {\r\n    background: linear-gradient(135deg, #0757b8, #007bff);\r\n    color: #ffffff;\r\n    border-radius: 34px;\r\n    padding: 44px;\r\n    box-shadow: 0 24px 60px rgba(7, 87, 184, 0.28);\r\n  }\r\n\r\n  .tp-blue-panel h2 {\r\n    font-size: 38px;\r\n    line-height: 1.15;\r\n    letter-spacing: -0.03em;\r\n    margin: 0 0 18px;\r\n    color: #ffffff;\r\n  }\r\n\r\n  .tp-blue-panel p {\r\n    color: rgba(255,255,255,0.86);\r\n    font-size: 17px;\r\n    line-height: 1.7;\r\n    margin: 0;\r\n  }\r\n\r\n  .tp-cta {\r\n    background: #061529;\r\n    color: #ffffff;\r\n    text-align: center;\r\n  }\r\n\r\n  .tp-cta .tp-section-title {\r\n    color: #ffffff;\r\n  }\r\n\r\n  .tp-cta .tp-section-text {\r\n    color: rgba(255,255,255,0.74);\r\n    max-width: 720px;\r\n    margin: 0 auto 32px;\r\n  }\r\n\r\n  @media (max-width: 980px) {\r\n    .tp-hero-grid,\r\n    .tp-workflow {\r\n      grid-template-columns: 1fr;\r\n    }\r\n\r\n    .tp-phone-stack {\r\n      min-height: 560px;\r\n    }\r\n\r\n    .tp-phone.one {\r\n      left: 8%;\r\n      right: auto;\r\n    }\r\n\r\n    .tp-phone.two {\r\n      right: 8%;\r\n    }\r\n\r\n    .tp-phone.three {\r\n      left: 28%;\r\n      right: auto;\r\n    }\r\n\r\n    .tp-feature-grid {\r\n      grid-template-columns: repeat(2, 1fr);\r\n    }\r\n\r\n    .tp-screen-grid {\r\n      grid-template-columns: repeat(2, 1fr);\r\n    }\r\n  }\r\n\r\n  @media (max-width: 640px) {\r\n    .tp-section {\r\n      padding: 64px 18px;\r\n    }\r\n\r\n    .tp-stats,\r\n    .tp-feature-grid,\r\n    .tp-screen-grid {\r\n      grid-template-columns: 1fr;\r\n    }\r\n\r\n    .tp-phone-stack {\r\n      min-height: auto;\r\n      display: grid;\r\n      gap: 18px;\r\n    }\r\n\r\n    .tp-phone {\r\n      position: static;\r\n      width: 78%;\r\n      margin: 0 auto;\r\n      transform: none !important;\r\n    }\r\n\r\n    .tp-blue-panel {\r\n      padding: 30px;\r\n    }\r\n  }\r\n<\/style>\t\t\t\t<\/div>\n\t\t\t\t<\/div>\n\t\t\t\t\t<\/div>\n\t\t\t\t<\/div>\n\t\t<div class=\"elementor-element elementor-element-ba89a43 e-con-full e-flex magic-button-disabled-no e-con e-parent\" data-id=\"ba89a43\" data-element_type=\"container\" data-e-type=\"container\" data-no-translation=\"\">\n\t\t\t\t<div class=\"elementor-element elementor-element-da20f11 elementor-widget elementor-widget-html\" data-id=\"da20f11\" data-element_type=\"widget\" data-e-type=\"widget\" data-widget_type=\"html.default\">\n\t\t\t\t<div class=\"elementor-widget-container\">\n\t\t\t\t\t<div class=\"tp-driver-page\">\r\n  <section class=\"tp-section tp-hero\">\r\n    <div class=\"tp-container tp-hero-grid\">\r\n      <div>\r\n        <div class=\"tp-eyebrow\">TrendPlus AB Courier Technology<\/div>\r\n        <h1 class=\"tp-title\">Stand-Alone Driver App f\u00f6r rutter med flera stopp.<\/h1>\r\n        <p class=\"tp-subtitle\">\r\n          En kraftfull mobilapp utvecklad f\u00f6r leveranspersonal som hanterar rutter med flera stopp inom olika typer av leveransverksamheter, s\u00e5som matleverans, last-mile delivery, kurirtj\u00e4nster och mer. Tilldela rutter, hantera ordrar, optimera uppdrag och slutf\u00f6r varje leverans med trygghet via ett enkelt och anv\u00e4ndarv\u00e4nligt gr\u00e4nssnitt.\r\n        <\/p>\r\n\r\n        <div class=\"tp-btn-row\">\r\n          <a class=\"tp-btn tp-btn-primary\" href=\"https:\/\/trendplus.se\/sv\/#form\">Boka en demo<\/a>\r\n          <a class=\"tp-btn tp-btn-secondary\" href=\"#features\">Utforska funktioner<\/a>\r\n        <\/div>\r\n\r\n        <div class=\"tp-stats\">\r\n          <div class=\"tp-stat\">\r\n            <strong>Live<\/strong>\r\n            <span>Ruttilldelning och statusuppdateringar f\u00f6r kurirer<\/span>\r\n          <\/div>\r\n          <div class=\"tp-stat\">\r\n            <strong>Snabb<\/strong>\r\n            <span>Optimerad ruttgenerering och orderval<\/span>\r\n          <\/div>\r\n          <div class=\"tp-stat\">\r\n            <strong>Enkel<\/strong>\r\n            <span>Tydligt mobilt arbetsfl\u00f6de byggt f\u00f6r kurirer<\/span>\r\n          <\/div>\r\n        <\/div>\r\n      <\/div>\r\n\r\n      <div class=\"tp-phone-stack\">\r\n        <div class=\"tp-phone one\">\r\n          <img decoding=\"async\" src=\"https:\/\/trendplus.se\/wp-content\/uploads\/2026\/05\/WhatsApp-Image-2026-05-04-at-10.19.32.jpeg\" alt=\"Kurirens ruttvy\">\r\n        <\/div>\r\n        <div class=\"tp-phone two\">\r\n          <img decoding=\"async\" src=\"https:\/\/trendplus.se\/wp-content\/uploads\/2026\/05\/WhatsApp-Image-2026-05-04-at-10.19.32-7.jpeg\" alt=\"Ruttilldelning f\u00f6r f\u00f6rare\">\r\n        <\/div>\r\n        <div class=\"tp-phone three\">\r\n          <img decoding=\"async\" src=\"https:\/\/trendplus.se\/wp-content\/uploads\/2026\/05\/WhatsApp-Image-2026-05-04-at-14.53.52-1.jpeg\" alt=\"Ordervy\">\r\n        <\/div>\r\n      <\/div>\r\n    <\/div>\r\n  <\/section>\r\n<\/div>\t\t\t\t<\/div>\n\t\t\t\t<\/div>\n\t\t\t\t<\/div>\n\t\t<div class=\"elementor-element elementor-element-b10022f e-con-full e-flex magic-button-disabled-no e-con e-parent\" data-id=\"b10022f\" data-element_type=\"container\" data-e-type=\"container\" data-no-translation=\"\">\n\t\t\t\t<div class=\"elementor-element elementor-element-fc1e3de elementor-widget elementor-widget-html\" data-id=\"fc1e3de\" data-element_type=\"widget\" data-e-type=\"widget\" data-widget_type=\"html.default\">\n\t\t\t\t<div class=\"elementor-widget-container\">\n\t\t\t\t\t<section id=\"features\" class=\"tp-section\">\r\n  <div class=\"tp-container\">\r\n    <div class=\"tp-section-header\">\r\n      <div class=\"tp-eyebrow\">K\u00e4rnfunktioner<\/div>\r\n      <h2 class=\"tp-section-title\">Allt en kurir beh\u00f6ver i en och samma app.<\/h2>\r\n      <p class=\"tp-section-text\">\r\n        Utvecklad f\u00f6r att f\u00f6renkla det dagliga leveransarbetet, minska stress p\u00e5 v\u00e4gen och ge kurirer full kontroll \u00f6ver rutter, ordrar och leveranser.\r\n      <\/p>\r\n    <\/div>\r\n\r\n    <div class=\"tp-feature-grid\">\r\n      <div class=\"tp-feature-card\">\r\n        <div class=\"tp-icon\">\ud83d\uddfa\ufe0f<\/div>\r\n        <h3>Direkt ruttilldelning<\/h3>\r\n        <p>\r\n          Kurirer kan starta sitt arbetspass med tydliga statusuppdateringar, tilldelade rutter, antal uppdrag, ber\u00e4knad tid och k\u00f6rstr\u00e4cka.\r\n        <\/p>\r\n      <\/div>\r\n\r\n      <div class=\"tp-feature-card\">\r\n        <div class=\"tp-icon\">\ud83d\udce6<\/div>\r\n        <h3>Detaljerad order\u00f6versikt<\/h3>\r\n        <p>\r\n          Se pakettyp, vikt, volym, tidsf\u00f6nster, mottagarinformation, streckkod och leveransadress i en strukturerad vy.\r\n        <\/p>\r\n      <\/div>\r\n\r\n      <div class=\"tp-feature-card\">\r\n        <div class=\"tp-icon\">\u2795<\/div>\r\n        <h3>Skapa order vid behov<\/h3>\r\n        <p>\r\n          L\u00e4gg till akuta eller oplanerade upph\u00e4mtningar och leveranser direkt i mobilappen via ett intuitivt formul\u00e4r.\r\n        <\/p>\r\n      <\/div>\r\n\r\n      <div class=\"tp-feature-card\">\r\n        <div class=\"tp-icon\">\u26a1<\/div>\r\n        <h3>Optimerad ruttgenerering<\/h3>\r\n        <p>\r\n          V\u00e4lj tillg\u00e4ngliga ordrar och skapa effektiva rutter baserade p\u00e5 den snabbaste och mest logiska leveranssekvensen.\r\n        <\/p>\r\n      <\/div>\r\n\r\n      <div class=\"tp-feature-card\">\r\n        <div class=\"tp-icon\">\ud83d\udccd<\/div>\r\n        <h3>S\u00f6ml\u00f6st leveransfl\u00f6de<\/h3>\r\n        <p>\r\n          \u00d6ppna v\u00e4gbeskrivning, kontakta mottagare, se leveransadress och uppdatera leveransstatus med enkla knapptryck.\r\n        <\/p>\r\n      <\/div>\r\n\r\n      <div class=\"tp-feature-card\">\r\n        <div class=\"tp-icon\">\u2630<\/div>\r\n        <h3>Kontrollcenter f\u00f6r kurirer<\/h3>\r\n        <p>\r\n          Kurirer f\u00e5r tillg\u00e5ng till profil, arbetspass, ordrar, rutter och viktiga verktyg via en tydlig sidomeny.\r\n        <\/p>\r\n      <\/div>\r\n    <\/div>\r\n  <\/div>\r\n<\/section>\t\t\t\t<\/div>\n\t\t\t\t<\/div>\n\t\t\t\t<\/div>\n\t\t<div class=\"elementor-element elementor-element-fc56d14 e-con-full e-flex magic-button-disabled-no e-con e-parent\" data-id=\"fc56d14\" data-element_type=\"container\" data-e-type=\"container\" data-no-translation=\"\">\n\t\t\t\t<div class=\"elementor-element elementor-element-125855c elementor-widget elementor-widget-html\" data-id=\"125855c\" data-element_type=\"widget\" data-e-type=\"widget\" data-widget_type=\"html.default\">\n\t\t\t\t<div class=\"elementor-widget-container\">\n\t\t\t\t\t<section class=\"tp-section tp-screens\">\r\n  <div class=\"tp-container\">\r\n    <div class=\"tp-section-header\">\r\n      <div class=\"tp-eyebrow\">Appupplevelse<\/div>\r\n      <h2 class=\"tp-section-title\">Ett tydligt mobilt gr\u00e4nssnitt byggt f\u00f6r verkligt leveransarbete.<\/h2>\r\n      <p class=\"tp-section-text\">\r\n        Fr\u00e5n ruttberedskap till orderskapande och slutf\u00f6rd leverans \u00e4r varje vy designad f\u00f6r snabba beslut ute p\u00e5 f\u00e4ltet.\r\n      <\/p>\r\n    <\/div>\r\n\r\n    <div class=\"tp-screen-grid\">\r\n      <div class=\"tp-screen-card\">\r\n        <img decoding=\"async\" src=\"https:\/\/trendplus.se\/wp-content\/uploads\/2026\/05\/WhatsApp-Image-2026-05-04-at-10.19.32.jpeg\" alt=\"V\u00e4ntar p\u00e5 ruttilldelning\">\r\n        <h4>Ruttberedskap<\/h4>\r\n        <p>Kurirer ser tydligt n\u00e4r de v\u00e4ntar p\u00e5 ruttilldelning och n\u00e4r en rutt \u00e4r redo att startas.<\/p>\r\n      <\/div>\r\n\r\n      <div class=\"tp-screen-card\">\r\n        <img decoding=\"async\" src=\"https:\/\/trendplus.se\/wp-content\/uploads\/2026\/05\/WhatsApp-Image-2026-05-04-at-10.19.32-2.jpeg\" alt=\"Rutt\u00f6versikt\">\r\n        <h4>Rutt\u00f6versikt<\/h4>\r\n        <p>Laddade och schemalagda rutter visas med hubb, tid, uppdrag, varaktighet och distans.<\/p>\r\n      <\/div>\r\n\r\n      <div class=\"tp-screen-card\">\r\n        <img decoding=\"async\" src=\"https:\/\/trendplus.se\/wp-content\/uploads\/2026\/05\/WhatsApp-Image-2026-05-04-at-10.19.32-6.jpeg\" alt=\"Skapa order formul\u00e4r\">\r\n        <h4>Skapa order<\/h4>\r\n        <p>Manuell orderskapning g\u00f6r det enkelt att l\u00e4gga till mottagare, adress, streckkod, pakettyp och mer.<\/p>\r\n      <\/div>\r\n\r\n      <div class=\"tp-screen-card\">\r\n        <img decoding=\"async\" src=\"https:\/\/trendplus.se\/wp-content\/uploads\/2026\/05\/WhatsApp-Image-2026-05-04-at-10.19.32-3.jpeg\" alt=\"Leveranskarta\">\r\n        <h4>Leveransutf\u00f6rande<\/h4>\r\n        <p>Kurirer kan ringa mottagare, \u00f6ppna navigation och bekr\u00e4fta ankomst till leveransplatsen.<\/p>\r\n      <\/div>\r\n    <\/div>\r\n  <\/div>\r\n<\/section>\t\t\t\t<\/div>\n\t\t\t\t<\/div>\n\t\t\t\t<\/div>\n\t\t<div class=\"elementor-element elementor-element-2670a40 e-con-full e-flex magic-button-disabled-no e-con e-parent\" data-id=\"2670a40\" data-element_type=\"container\" data-e-type=\"container\" data-no-translation=\"\">\n\t\t\t\t<div class=\"elementor-element elementor-element-b1c7ab6 elementor-widget elementor-widget-html\" data-id=\"b1c7ab6\" data-element_type=\"widget\" data-e-type=\"widget\" data-widget_type=\"html.default\">\n\t\t\t\t<div class=\"elementor-widget-container\">\n\t\t\t\t\t<section class=\"tp-section\">\r\n  <div class=\"tp-container tp-workflow\">\r\n    <div class=\"tp-blue-panel\">\r\n      <h2>Fr\u00e5n ruttilldelning till lyckad leverans.<\/h2>\r\n      <p>\r\n        Stand-Alone Driver App guidar kurirer genom hela leveransprocessen:\r\n        start av arbetspass, granskning av rutter, orderhantering, navigation till mottagare och slutf\u00f6rda leveranser.\r\n      <\/p>\r\n    <\/div>\r\n\r\n    <div class=\"tp-steps\">\r\n      <div class=\"tp-step\">\r\n        <div class=\"tp-step-number\">1<\/div>\r\n        <div>\r\n          <h3>Ta emot eller skapa en rutt<\/h3>\r\n          <p>Kurirer kan l\u00e4sa in tilldelade rutter eller skapa optimerade rutter fr\u00e5n valda tillg\u00e4ngliga ordrar.<\/p>\r\n        <\/div>\r\n      <\/div>\r\n\r\n      <div class=\"tp-step\">\r\n        <div class=\"tp-step-number\">2<\/div>\r\n        <div>\r\n          <h3>Granska uppdrag och orderdetaljer<\/h3>\r\n          <p>Varje uppdrag inneh\u00e5ller leveransf\u00f6nster, paketinformation, mottagardetaljer, streckkod och adress.<\/p>\r\n        <\/div>\r\n      <\/div>\r\n\r\n      <div class=\"tp-step\">\r\n        <div class=\"tp-step-number\">3<\/div>\r\n        <div>\r\n          <h3>Navigera och leverera<\/h3>\r\n          <p>Kuriren kan \u00f6ppna v\u00e4gbeskrivning, kontakta mottagaren och uppdatera leveransstatus direkt i appen.<\/p>\r\n        <\/div>\r\n      <\/div>\r\n\r\n      <div class=\"tp-step\">\r\n        <div class=\"tp-step-number\">4<\/div>\r\n        <div>\r\n          <h3>Slutf\u00f6r med trygghet<\/h3>\r\n          <p>Ett enkelt och guidat arbetsfl\u00f6de hj\u00e4lper till att minska misstag och h\u00e5lla varje leverans i r\u00f6relse.<\/p>\r\n        <\/div>\r\n      <\/div>\r\n    <\/div>\r\n  <\/div>\r\n<\/section>\t\t\t\t<\/div>\n\t\t\t\t<\/div>\n\t\t\t\t<\/div>\n\t\t<div class=\"elementor-element elementor-element-0428a12 e-con-full e-flex magic-button-disabled-no e-con e-parent\" data-id=\"0428a12\" data-element_type=\"container\" data-e-type=\"container\" data-no-translation=\"\">\n\t\t\t\t<div class=\"elementor-element elementor-element-64e737c elementor-widget elementor-widget-html\" data-id=\"64e737c\" data-element_type=\"widget\" data-e-type=\"widget\" data-widget_type=\"html.default\">\n\t\t\t\t<div class=\"elementor-widget-container\">\n\t\t\t\t\t<section id=\"contact\" class=\"tp-section tp-cta\">\r\n  <div class=\"tp-container\">\r\n    <div class=\"tp-eyebrow\">Redo f\u00f6r smartare kurirarbete?<\/div>\r\n    <h2 class=\"tp-section-title\">Ge dina f\u00f6rare verktyget de beh\u00f6ver f\u00f6r snabbare, smidigare och mindre stressiga leveranser.<\/h2>\r\n    <p class=\"tp-section-text\">\r\n      TrendPlus AB bygger leveranssystem utformade efter verkliga behov hos kurirer, trafikledare och logistikteam.\r\n    <\/p>\r\n\r\n    <div class=\"tp-btn-row\" style=\"justify-content:center;\">\r\n      <a class=\"tp-btn tp-btn-primary\" href=\"mailto:info@trendplus.se\">Kontakta TrendPlus<\/a>\r\n      <a class=\"tp-btn tp-btn-secondary\" href=\"#features\">Visa funktioner<\/a>\r\n    <\/div>\r\n  <\/div>\r\n<\/section>\t\t\t\t<\/div>\n\t\t\t\t<\/div>\n\t\t\t\t<\/div>\n\t\t\t\t<\/div>","protected":false},"excerpt":{"rendered":"<p>TrendPlus AB Courier Technology Stand-Alone Driver App for multi-stop routes. A powerful mobile app designed for delivery professionals handling multi-stop routes across different delivery operations, such as food delivery, last-mile delivery, courier services, and more. Assign routes, manage orders, optimize missions, and complete every delivery with confidence from one easy-to-use interface. Book a Demo Explore [&hellip;]<\/p>\n","protected":false},"author":1,"featured_media":0,"parent":0,"menu_order":0,"comment_status":"closed","ping_status":"closed","template":"","meta":{"footnotes":""},"class_list":["post-1979","page","type-page","status-publish","hentry"],"_links":{"self":[{"href":"https:\/\/trendplus.se\/sv\/wp-json\/wp\/v2\/pages\/1979","targetHints":{"allow":["GET"]}}],"collection":[{"href":"https:\/\/trendplus.se\/sv\/wp-json\/wp\/v2\/pages"}],"about":[{"href":"https:\/\/trendplus.se\/sv\/wp-json\/wp\/v2\/types\/page"}],"author":[{"embeddable":true,"href":"https:\/\/trendplus.se\/sv\/wp-json\/wp\/v2\/users\/1"}],"replies":[{"embeddable":true,"href":"https:\/\/trendplus.se\/sv\/wp-json\/wp\/v2\/comments?post=1979"}],"version-history":[{"count":14,"href":"https:\/\/trendplus.se\/sv\/wp-json\/wp\/v2\/pages\/1979\/revisions"}],"predecessor-version":[{"id":2010,"href":"https:\/\/trendplus.se\/sv\/wp-json\/wp\/v2\/pages\/1979\/revisions\/2010"}],"wp:attachment":[{"href":"https:\/\/trendplus.se\/sv\/wp-json\/wp\/v2\/media?parent=1979"}],"curies":[{"name":"wp","href":"https:\/\/api.w.org\/{rel}","templated":true}]}}